{"id":99,"date":"2017-09-20T04:59:53","date_gmt":"2017-09-20T02:59:53","guid":{"rendered":"http:\/\/pf-ol.de\/?page_id=99"},"modified":"2017-09-20T04:59:53","modified_gmt":"2017-09-20T02:59:53","slug":"taegliche-routine","status":"publish","type":"page","link":"https:\/\/pf-ol.de\/index.php\/leben\/taegliche-routine\/","title":{"rendered":"t\u00e4gliche Routine"},"content":{"rendered":"<h1>T\u00e4gliche Strecken<\/h1>\n<p>T\u00e4glich wirst du zur Hochschule oder Uni fahren. Dazu kannst du vor Allem den Bus oder das Fahrrad nutzen.<\/p>\n<h2>Bus zur Hochschule\/Uni<\/h2>\n<p>Ab dem ZOB am Hauptbahnhof kannst du per Bus direkt zu den drei Hochschulstandorten fahren. Abwechselnd f\u00e4hrt auf dieser Strecke etwa alle sieben Minuten ein Bus der Linien 306 oder 310. Die Nutzung ist mit dem Semesterticket bereits bezahlt.<\/p>\n<h2>Fahrrad zur Hochschule\/Uni<\/h2>\n<p>Schneller ist man mit Muskelkraft in der Jade Hochschule. So braucht man per Fahrrad etwa 6\u20268\u202fMinuten bis zur Hochschule f\u00fcr die 1,5\u202fkm.<\/p>\n<p>Zum Campus Haarentor der Carl von Ossietzky Universit\u00e4t sind es etwa 3,0\u202fkm. Daf\u00fcr sollte man mindestens 12\u202fMinuten einplanen.<\/p>\n<p>Nach Wechloy zum dortigen Campus muss man ungef\u00e4hr 4,2\u202fkm zur\u00fccklegen. Mehr als eine Viertelstunde werden die Meisten daf\u00fcr ben\u00f6tigen.<\/p>\n<h1>Essen &amp; Kochen<\/h1>\n<p>Essen kann man an jedem der drei Standorte von Hochschule und Universit\u00e4t jeweils in der Mensa vom Studentenwerk Oldenburg. Die <a href=\"https:\/\/www.studentenwerk-oldenburg.de\/de\/gastronomie\/speiseplaene.html\" target=\"_blank\" rel=\"noopener\">Speisepl\u00e4ne<\/a> kann man online einsehen. Der Besuch kann sich lohnen, da t\u00e4glich andere Mahlzeiten angeboten werden.<\/p>\n<p>Alternativ kannst du in deiner Wohnung kochen. Dazu stehen dir in der Regel zwei Kochplatten in der WG oder im Einzelappartement zur Verf\u00fcgung. Einen kleinen Ofen darfst du aufstellen, jedoch keinen normalgro\u00dfen Ofen. Einige WGs haben also eine Mikrowelle mit Grill- und Umluftfunktion.<br \/>\nIm Keller haben wir einen Backraum mit mehreren \u00d6fen, f\u00fcr die du dir den Schl\u00fcssel beim Heimrat leihen kannst.<br \/>\nEinen K\u00fchlschrank mit Gefrierfach hat ebenfalls jede Wohnung\/WG.<\/p>\n","protected":false},"excerpt":{"rendered":"<p>T\u00e4gliche Strecken T\u00e4glich wirst du zur Hochschule oder Uni fahren. Dazu kannst du vor Allem den Bus oder das Fahrrad nutzen. Bus zur Hochschule\/Uni Ab dem ZOB am Hauptbahnhof kannst du per Bus direkt zu den drei Hochschulstandorten fahren. Abwechselnd f\u00e4hrt auf dieser Strecke etwa alle sieben Minuten ein Bus der Linien 306 oder 310. &hellip; <\/p>\n<p class=\"link-more\"><a href=\"https:\/\/pf-ol.de\/index.php\/leben\/taegliche-routine\/\" class=\"more-link\"><span class=\"screen-reader-text\">\u201et\u00e4gliche Routine\u201c<\/span> weiterlesen<\/a><\/p>\n","protected":false},"author":1,"featured_media":168,"parent":40,"menu_order":0,"comment_status":"closed","ping_status":"closed","template":"","meta":{"footnotes":""},"class_list":["post-99","page","type-page","status-publish","has-post-thumbnail","hentry"],"_links":{"self":[{"href":"https:\/\/pf-ol.de\/index.php\/wp-json\/wp\/v2\/pages\/99","targetHints":{"allow":["GET"]}}],"collection":[{"href":"https:\/\/pf-ol.de\/index.php\/wp-json\/wp\/v2\/pages"}],"about":[{"href":"https:\/\/pf-ol.de\/index.php\/wp-json\/wp\/v2\/types\/page"}],"author":[{"embeddable":true,"href":"https:\/\/pf-ol.de\/index.php\/wp-json\/wp\/v2\/users\/1"}],"replies":[{"embeddable":true,"href":"https:\/\/pf-ol.de\/index.php\/wp-json\/wp\/v2\/comments?post=99"}],"version-history":[{"count":0,"href":"https:\/\/pf-ol.de\/index.php\/wp-json\/wp\/v2\/pages\/99\/revisions"}],"up":[{"embeddable":true,"href":"https:\/\/pf-ol.de\/index.php\/wp-json\/wp\/v2\/pages\/40"}],"wp:featuredmedia":[{"embeddable":true,"href":"https:\/\/pf-ol.de\/index.php\/wp-json\/"}],"wp:attachment":[{"href":"https:\/\/pf-ol.de\/index.php\/wp-json\/wp\/v2\/media?parent=99"}],"curies":[{"name":"wp","href":"https:\/\/api.w.org\/{rel}","templated":true}]}}