{"id":77,"date":"2017-09-20T04:19:50","date_gmt":"2017-09-20T02:19:50","guid":{"rendered":"http:\/\/pf-ol.de\/?page_id=77"},"modified":"2017-09-20T04:19:50","modified_gmt":"2017-09-20T02:19:50","slug":"essen-trinken","status":"publish","type":"page","link":"https:\/\/pf-ol.de\/index.php\/leben\/essen-trinken\/","title":{"rendered":"Essen &#038; Trinken"},"content":{"rendered":"<p>In der N\u00e4he gibt es ein paar Restaurants und Kneipen. Eine unvollst\u00e4ndige Liste findest du nachfolgend. Sie beinhaltet vor allem das, was uns auf Anhieb eingefallen ist &#8211; nah, g\u00fcnstig, sch\u00f6n und\/oder lecker.<\/p>\n<h1>Essen<\/h1>\n<ul>\n<li>Rodizio (unten im Wohnheimsgeb\u00e4ude)<\/li>\n<li>Havanna (Pferdemarkt)<\/li>\n<li>D\u00f6ner King (Bahnhofsvorplatz)<\/li>\n<li>Saray (Pferdemarkt)<\/li>\n<li>Rollees (Pferdemarkt)<\/li>\n<li><a href=\"http:\/\/moms-diner.de\/\" target=\"_blank\" rel=\"noopener\">Moms Diner<\/a> (bei Weser-Ems Hallen)<a href=\"http:\/\/www.royalsandrice.com\/\" target=\"_blank\" rel=\"noopener\">Royals&amp;Rice<\/a> (vietnamesisches Essen)<\/li>\n<li><a href=\"http:\/\/www.woytonroastinc.de\/\" target=\"_blank\" rel=\"noopener\">Woyton<\/a> (Kaffee &amp; Co.)<\/li>\n<\/ul>\n<h1>Kneipen, Diskotheken &amp; Co.<\/h1>\n<ul>\n<li>Amadeus (Diskothek)<\/li>\n<li>Cesars (Diskothek)<\/li>\n<li>Cube (Diskothek)<\/li>\n<li>Metro (Diskothek)<\/li>\n<li><a href=\"http:\/\/ols-brauerei.de\/\" target=\"_blank\" rel=\"noopener\">OLs<\/a> (Oldenburger Bierbrauerei)<\/li>\n<li><a href=\"http:\/\/umbaubar.net\/\" target=\"_blank\" rel=\"noopener\">Umbaubar<\/a> (von Studenten f\u00fcr Studenten)<\/li>\n<li><a href=\"http:\/\/www.polyester-klub.de\/\" target=\"_blank\" rel=\"noopener\">Polyester Club<\/a> (Club Richtung Innenstadt)<\/li>\n<\/ul>\n<p>Und nat\u00fcrlich darf die Wallstra\u00dfe nicht fehlen, die Oldenburgs ber\u00fchmte Kneipenstra\u00dfe ist. Dort befindet sich eine Kneipe neben der n\u00e4chsten.<\/p>\n","protected":false},"excerpt":{"rendered":"<p>In der N\u00e4he gibt es ein paar Restaurants und Kneipen. Eine unvollst\u00e4ndige Liste findest du nachfolgend. Sie beinhaltet vor allem das, was uns auf Anhieb eingefallen ist &#8211; nah, g\u00fcnstig, sch\u00f6n und\/oder lecker. Essen Rodizio (unten im Wohnheimsgeb\u00e4ude) Havanna (Pferdemarkt) D\u00f6ner King (Bahnhofsvorplatz) Saray (Pferdemarkt) Rollees (Pferdemarkt) Moms Diner (bei Weser-Ems Hallen)Royals&amp;Rice (vietnamesisches Essen) Woyton &hellip; <\/p>\n<p class=\"link-more\"><a href=\"https:\/\/pf-ol.de\/index.php\/leben\/essen-trinken\/\" class=\"more-link\"><span class=\"screen-reader-text\">\u201eEssen &#038; Trinken\u201c<\/span> weiterlesen<\/a><\/p>\n","protected":false},"author":1,"featured_media":190,"parent":40,"menu_order":0,"comment_status":"closed","ping_status":"closed","template":"","meta":{"footnotes":""},"class_list":["post-77","page","type-page","status-publish","has-post-thumbnail","hentry"],"_links":{"self":[{"href":"https:\/\/pf-ol.de\/index.php\/wp-json\/wp\/v2\/pages\/77","targetHints":{"allow":["GET"]}}],"collection":[{"href":"https:\/\/pf-ol.de\/index.php\/wp-json\/wp\/v2\/pages"}],"about":[{"href":"https:\/\/pf-ol.de\/index.php\/wp-json\/wp\/v2\/types\/page"}],"author":[{"embeddable":true,"href":"https:\/\/pf-ol.de\/index.php\/wp-json\/wp\/v2\/users\/1"}],"replies":[{"embeddable":true,"href":"https:\/\/pf-ol.de\/index.php\/wp-json\/wp\/v2\/comments?post=77"}],"version-history":[{"count":0,"href":"https:\/\/pf-ol.de\/index.php\/wp-json\/wp\/v2\/pages\/77\/revisions"}],"up":[{"embeddable":true,"href":"https:\/\/pf-ol.de\/index.php\/wp-json\/wp\/v2\/pages\/40"}],"wp:featuredmedia":[{"embeddable":true,"href":"https:\/\/pf-ol.de\/index.php\/wp-json\/"}],"wp:attachment":[{"href":"https:\/\/pf-ol.de\/index.php\/wp-json\/wp\/v2\/media?parent=77"}],"curies":[{"name":"wp","href":"https:\/\/api.w.org\/{rel}","templated":true}]}}