{"id":74,"date":"2017-09-20T04:11:08","date_gmt":"2017-09-20T02:11:08","guid":{"rendered":"http:\/\/pf-ol.de\/?page_id=74"},"modified":"2017-09-20T04:11:08","modified_gmt":"2017-09-20T02:11:08","slug":"einkaufen","status":"publish","type":"page","link":"https:\/\/pf-ol.de\/index.php\/leben\/einkaufen\/","title":{"rendered":"Einkaufen"},"content":{"rendered":"<h1>Lebensmittel<\/h1>\n<p>In der N\u00e4he haben wir mehrere Lebensmittelgesch\u00e4fte wie Netto (Nadorster Stra\u00dfe 64) und Edeka (Ziegelhofstra\u00dfe). Auch besonders gesund kann man sich hier leicht ern\u00e4hren: Bioladen (Denns Biomarkt, Nadorster Stra\u00dfe 54-56) und ein Wochenmarkt (auf dem Pferdemarkt) sind ebenfalls in der N\u00e4he.<\/p>\n<p>Der <a href=\"http:\/\/www.oldenburg.de\/microsites\/wochenmaerkte\/staedtische-wochenmaerkte\/pferdemarkt.html\" target=\"_blank\" rel=\"noopener\">Wochenmarkt<\/a> hat jeweils an Dienstag und Donnerstag von 7 bis 13:30\u202fUhr sowie am Samstag von 7 bis 14\u202fUhr ge\u00f6ffnet.<\/p>\n<h1>Innenstadt<\/h1>\n<p>In der Innenstadt findest du fast alles, das du suchen k\u00f6nntest. Vom Outdoorladen bis zum Computerspielefachgesch\u00e4ft und vom Herrenausstatter bis zur Kneipe wirst du f\u00fcndig.<\/p>\n<p>Normalerweise \u00f6ffnen die Ladengesch\u00e4fte gegen 10\u202fUhr morgens und schlie\u00dfen abends gegen 18\u202fUhr. Dabei sind die genauen \u00d6ffnungszeiten individuell.<\/p>\n<p>Wenn die Diskotheken ge\u00f6ffnet haben, musst du die ganze Nacht durch nicht hungern: Heiermann (beim Amadeus) und McDonalds (am Lappan) haben bis in den Morgen oder durchgehend ge\u00f6ffnet.<\/p>\n<p>Auch B\u00fccher und Schreibwaren findest du in der Innenstadt an mehreren Orten.<\/p>\n<h1>M\u00f6bel<\/h1>\n<p>G\u00fcnstige neue Innenausstattung wird von Ikea angeboten. Dieses befindet sich nahe der Autobahnabfahrt Oldenburg-Hafen.<\/p>\n<p>Falls du es suchst, kannst du es kaum verfehlen. Es liegt stadteinw\u00e4rts von der Autobahn und hat eigene Bushaltestellen.<\/p>\n<h1>Fahrr\u00e4der<\/h1>\n<p>Wenige H\u00e4user neben dem Wohnheim befindet sich die Speiche, ein Zweiradfachgesch\u00e4ft mit hochwertigen Fahrr\u00e4dern.<\/p>\n<p>Direkt am Bahnhof liegt mit dem <a href=\"http:\/\/fzol.de\" target=\"_blank\" rel=\"noopener\">Fahrradzentrum Oldenburg<\/a> der n\u00e4chste Fahrradh\u00e4ndler, direkt an den Fahrradstationen. Dieser H\u00e4ndler hat von Montag bis Samstag jeweils von 6:30 bis 20\u202fUhr ge\u00f6ffnet.<\/p>\n","protected":false},"excerpt":{"rendered":"<p>Lebensmittel In der N\u00e4he haben wir mehrere Lebensmittelgesch\u00e4fte wie Netto (Nadorster Stra\u00dfe 64) und Edeka (Ziegelhofstra\u00dfe). Auch besonders gesund kann man sich hier leicht ern\u00e4hren: Bioladen (Denns Biomarkt, Nadorster Stra\u00dfe 54-56) und ein Wochenmarkt (auf dem Pferdemarkt) sind ebenfalls in der N\u00e4he. Der Wochenmarkt hat jeweils an Dienstag und Donnerstag von 7 bis 13:30\u202fUhr sowie &hellip; <\/p>\n<p class=\"link-more\"><a href=\"https:\/\/pf-ol.de\/index.php\/leben\/einkaufen\/\" class=\"more-link\"><span class=\"screen-reader-text\">\u201eEinkaufen\u201c<\/span> weiterlesen<\/a><\/p>\n","protected":false},"author":1,"featured_media":0,"parent":40,"menu_order":0,"comment_status":"closed","ping_status":"closed","template":"","meta":{"footnotes":""},"class_list":["post-74","page","type-page","status-publish","hentry"],"_links":{"self":[{"href":"https:\/\/pf-ol.de\/index.php\/wp-json\/wp\/v2\/pages\/74","targetHints":{"allow":["GET"]}}],"collection":[{"href":"https:\/\/pf-ol.de\/index.php\/wp-json\/wp\/v2\/pages"}],"about":[{"href":"https:\/\/pf-ol.de\/index.php\/wp-json\/wp\/v2\/types\/page"}],"author":[{"embeddable":true,"href":"https:\/\/pf-ol.de\/index.php\/wp-json\/wp\/v2\/users\/1"}],"replies":[{"embeddable":true,"href":"https:\/\/pf-ol.de\/index.php\/wp-json\/wp\/v2\/comments?post=74"}],"version-history":[{"count":0,"href":"https:\/\/pf-ol.de\/index.php\/wp-json\/wp\/v2\/pages\/74\/revisions"}],"up":[{"embeddable":true,"href":"https:\/\/pf-ol.de\/index.php\/wp-json\/wp\/v2\/pages\/40"}],"wp:attachment":[{"href":"https:\/\/pf-ol.de\/index.php\/wp-json\/wp\/v2\/media?parent=74"}],"curies":[{"name":"wp","href":"https:\/\/api.w.org\/{rel}","templated":true}]}}