{"id":67,"date":"2017-09-20T03:03:37","date_gmt":"2017-09-20T01:03:37","guid":{"rendered":"http:\/\/pf-ol.de\/?page_id=67"},"modified":"2017-09-20T03:03:37","modified_gmt":"2017-09-20T01:03:37","slug":"bewerben-und-einziehen","status":"publish","type":"page","link":"https:\/\/pf-ol.de\/index.php\/wohnen\/bewerben-und-einziehen\/","title":{"rendered":"Bewerben und Einziehen"},"content":{"rendered":"<p>Du m\u00f6chtest hier einziehen?<\/p>\n<h1><strong>Bewerbung<\/strong><\/h1>\n<p>Das Wohnheim wird vom <a href=\"https:\/\/sw-ol.de\" target=\"_blank\" rel=\"noopener\">Studentenwerk Oldenburg<\/a> verwaltet. Um in eines der Wohnheime einzuziehen, musst du also deren <a href=\"https:\/\/www.studentenwerk-oldenburg.de\/de\/wohnen\/wohnungsbewerbung.html\" target=\"_blank\" rel=\"noopener\">Bewerbungsformular<\/a> ausf\u00fcllen und absenden. Danach hei\u00dft es <a href=\"https:\/\/www.studentenwerk-oldenburg.de\/de\/wohnen\/wartezeiten-waiting-times.html\" target=\"_blank\" rel=\"noopener\">Warten<\/a>\u2026<\/p>\n<p>Einige Fragen werden auf der <a href=\"https:\/\/www.studentenwerk-oldenburg.de\/de\/wohnen\/faq.html\" target=\"_blank\" rel=\"noopener\">FAQ-Seite<\/a> beantwortet.<\/p>\n<p>Alternativen zu diesem Wohnheim findest du auch auf den Seiten vom <a href=\"https:\/\/www.studentenwerk-oldenburg.de\/de\/wohnen\/oldenburg\/oldenburg-tipps-zur-wohnungssuche.html\" target=\"_blank\" rel=\"noopener\">Studentenwerk<\/a>.<\/p>\n<h1>Ansehen der Wohnung<\/h1>\n<p>Sobald du deinen Mietvertrag unterschrieben hast, kannst du zum n\u00e4chsten Schritt starten.<\/p>\n<p>Die Kontaktdaten der Vormieter werden in der Regel nicht herausgegeben von der Wohnraumverwaltung. Falls du die Wohnung vor Vertragsbeginn sehen m\u00f6chtest, musst du daher selbst die Initiative ergreifen und den Kontakt suchen.<\/p>\n<p>Zum Beispiel kannst du etwas in die Facebook-Gruppe schreiben. Vielleicht erreichst du dort den Vormieter oder deine(n) zuk\u00fcnftige(n) Mitbewohner(in). Alternativ kannst du vorbeikommen und klingeln. Es kann jedoch passieren, dass keiner anwesend ist. Dann sei einfach mutig genug, jemanden anzusprechen. So kannst du dir zumindest die Flure und den Keller ansehen.<\/p>\n<h1>Einzug<\/h1>\n<p>Das Geb\u00e4ude hat viele T\u00fcren. So h\u00e4ngt es von der Position deiner Wohnung ab, wo du am Besten ausladen kannst. F\u00fcr die meisten Wohnungen kannst du am Besten vom Innenhof aus dein Gep\u00e4ck und die M\u00f6bel zum Flur bringen.<\/p>\n<p>Beim doppelten Treppenhaus am Haupteingang liegt auf der R\u00fcckseite vom Geb\u00e4ude eine Doppelt\u00fcr mit breiter Treppe. Hier kann man gut auch gro\u00dfe M\u00f6bel ins Trockene bringen. Dann gestaltet sich der restliche Transport entspannter.<\/p>\n<p>Die Briefk\u00e4sten befinden sich beim Haupteingang. Pakete und Pizzalieferanten muss man meistens ebenfalls dort abholen.<\/p>\n<p>Waschen und Trocknen von W\u00e4sche ist <a href=\"http:\/\/pf-ol.de\/wohnen\/waschen-und-trocknen\/\">hier<\/a> beschrieben.<\/p>\n","protected":false},"excerpt":{"rendered":"<p>Du m\u00f6chtest hier einziehen? Bewerbung Das Wohnheim wird vom Studentenwerk Oldenburg verwaltet. Um in eines der Wohnheime einzuziehen, musst du also deren Bewerbungsformular ausf\u00fcllen und absenden. Danach hei\u00dft es Warten\u2026 Einige Fragen werden auf der FAQ-Seite beantwortet. Alternativen zu diesem Wohnheim findest du auch auf den Seiten vom Studentenwerk. Ansehen der Wohnung Sobald du deinen &hellip; <\/p>\n<p class=\"link-more\"><a href=\"https:\/\/pf-ol.de\/index.php\/wohnen\/bewerben-und-einziehen\/\" class=\"more-link\"><span class=\"screen-reader-text\">\u201eBewerben und Einziehen\u201c<\/span> weiterlesen<\/a><\/p>\n","protected":false},"author":1,"featured_media":0,"parent":39,"menu_order":0,"comment_status":"closed","ping_status":"closed","template":"","meta":{"footnotes":""},"class_list":["post-67","page","type-page","status-publish","hentry"],"_links":{"self":[{"href":"https:\/\/pf-ol.de\/index.php\/wp-json\/wp\/v2\/pages\/67","targetHints":{"allow":["GET"]}}],"collection":[{"href":"https:\/\/pf-ol.de\/index.php\/wp-json\/wp\/v2\/pages"}],"about":[{"href":"https:\/\/pf-ol.de\/index.php\/wp-json\/wp\/v2\/types\/page"}],"author":[{"embeddable":true,"href":"https:\/\/pf-ol.de\/index.php\/wp-json\/wp\/v2\/users\/1"}],"replies":[{"embeddable":true,"href":"https:\/\/pf-ol.de\/index.php\/wp-json\/wp\/v2\/comments?post=67"}],"version-history":[{"count":0,"href":"https:\/\/pf-ol.de\/index.php\/wp-json\/wp\/v2\/pages\/67\/revisions"}],"up":[{"embeddable":true,"href":"https:\/\/pf-ol.de\/index.php\/wp-json\/wp\/v2\/pages\/39"}],"wp:attachment":[{"href":"https:\/\/pf-ol.de\/index.php\/wp-json\/wp\/v2\/media?parent=67"}],"curies":[{"name":"wp","href":"https:\/\/api.w.org\/{rel}","templated":true}]}}