{"id":63,"date":"2017-09-20T02:31:47","date_gmt":"2017-09-20T00:31:47","guid":{"rendered":"http:\/\/pf-ol.de\/?page_id=63"},"modified":"2017-09-20T02:31:47","modified_gmt":"2017-09-20T00:31:47","slug":"waschen-und-trocknen","status":"publish","type":"page","link":"https:\/\/pf-ol.de\/index.php\/wohnen\/waschen-und-trocknen\/","title":{"rendered":"Waschen und Trocknen"},"content":{"rendered":"<p>Im Keller haben wir einen Waschraum. Darin befinden sich sechs Waschmaschinen und eine entsprechende Anzahl an W\u00e4schetrocknern.<br \/>\nAufgrund von Schimmelproblemen in der Vergangenheit wird hier empfohlen, die W\u00e4sche mit den W\u00e4schetrocknern zu trocknen, statt sie im Zimmer aufzuh\u00e4ngen.<\/p>\n<p>Jeder Waschgang sowie jede Trocknung kostet 1,60\u202fEuro. Dieser Betrag wird mit einer Waschkarte gezahlt.<\/p>\n<p>Die Waschkarte kannst du an einem Automaten erwerben (5\u202fEuro) und aufladen, der sich in den R\u00e4umen der Wohnraumverwaltung vom Studentenwerk Oldenburg befindet. Das ist der Vorraum der <a href=\"https:\/\/www.studentenwerk-oldenburg.de\/de\/wohnen\/service\/ansprechpartnerinnen.html\">B\u00fcros der Wohnraumverwaltung<\/a>, sodass du dort nur zu den \u00d6ffnungszeiten hereinkommst.<\/p>\n<p>Die offiziellen \u00d6ffnungszeiten sind laut der zuvor verlinkten Internetseite (Stand: September 2017):<br \/>\nMo-Fr von 9:30\u202fUhr bis 11:30\u202fUhr sowie<br \/>\nMo, Di, Do von 13:30\u202fUhr bis 15:30\u202fUhr<\/p>\n<p>Zahlen kannst du dort nur mit Scheinen. M\u00f6glich ist dieses mit 5\u202fEuro, 10\u202fEuro und 20\u202fEuro Scheinen.<\/p>\n","protected":false},"excerpt":{"rendered":"<p>Im Keller haben wir einen Waschraum. Darin befinden sich sechs Waschmaschinen und eine entsprechende Anzahl an W\u00e4schetrocknern. Aufgrund von Schimmelproblemen in der Vergangenheit wird hier empfohlen, die W\u00e4sche mit den W\u00e4schetrocknern zu trocknen, statt sie im Zimmer aufzuh\u00e4ngen. Jeder Waschgang sowie jede Trocknung kostet 1,60\u202fEuro. Dieser Betrag wird mit einer Waschkarte gezahlt. Die Waschkarte kannst &hellip; <\/p>\n<p class=\"link-more\"><a href=\"https:\/\/pf-ol.de\/index.php\/wohnen\/waschen-und-trocknen\/\" class=\"more-link\"><span class=\"screen-reader-text\">\u201eWaschen und Trocknen\u201c<\/span> weiterlesen<\/a><\/p>\n","protected":false},"author":1,"featured_media":183,"parent":39,"menu_order":0,"comment_status":"closed","ping_status":"closed","template":"","meta":{"footnotes":""},"class_list":["post-63","page","type-page","status-publish","has-post-thumbnail","hentry"],"_links":{"self":[{"href":"https:\/\/pf-ol.de\/index.php\/wp-json\/wp\/v2\/pages\/63","targetHints":{"allow":["GET"]}}],"collection":[{"href":"https:\/\/pf-ol.de\/index.php\/wp-json\/wp\/v2\/pages"}],"about":[{"href":"https:\/\/pf-ol.de\/index.php\/wp-json\/wp\/v2\/types\/page"}],"author":[{"embeddable":true,"href":"https:\/\/pf-ol.de\/index.php\/wp-json\/wp\/v2\/users\/1"}],"replies":[{"embeddable":true,"href":"https:\/\/pf-ol.de\/index.php\/wp-json\/wp\/v2\/comments?post=63"}],"version-history":[{"count":0,"href":"https:\/\/pf-ol.de\/index.php\/wp-json\/wp\/v2\/pages\/63\/revisions"}],"up":[{"embeddable":true,"href":"https:\/\/pf-ol.de\/index.php\/wp-json\/wp\/v2\/pages\/39"}],"wp:featuredmedia":[{"embeddable":true,"href":"https:\/\/pf-ol.de\/index.php\/wp-json\/"}],"wp:attachment":[{"href":"https:\/\/pf-ol.de\/index.php\/wp-json\/wp\/v2\/media?parent=63"}],"curies":[{"name":"wp","href":"https:\/\/api.w.org\/{rel}","templated":true}]}}