{"id":39,"date":"2017-09-20T00:36:23","date_gmt":"2017-09-19T22:36:23","guid":{"rendered":"http:\/\/pf-ol.de\/?page_id=39"},"modified":"2017-09-20T00:36:23","modified_gmt":"2017-09-19T22:36:23","slug":"wohnen","status":"publish","type":"page","link":"https:\/\/pf-ol.de\/index.php\/wohnen\/","title":{"rendered":"Wohnen"},"content":{"rendered":"<p>Hier im Wohnheim haben wir alles, das man zum Wohnen braucht:<\/p>\n<ul>\n<li>Strom als Flatrate, jedoch abgesichert f\u00fcr 10\u202fA je Zimmer. Mehr als zweitausend Watt solltest du also nicht gleichzeitig in deinem Zimmer verbrauchen. In der K\u00fcche geht etwas mehr.<\/li>\n<li>Wasser als Flatrate, warmes wie kaltes<\/li>\n<li>Heizung als Flatrate, wobei die Zentralheizung anscheinend oft abgestellt wird. Meistens reicht es aus, um nicht im Zimmer zu frieren. Die dicken Au\u00dfenw\u00e4nde k\u00fchlen daf\u00fcr im Sommer sehr gut.<\/li>\n<li>Volumen: Die Zimmer sind &#8211; au\u00dfer im oberen Stockwerk &#8211; sehr hoch. Im unteren Wohnungsstockwerk (01\/xx) sind die Decken zum Teil 3,85\u202fm hoch. Das reicht f\u00fcr eine zweite Etage, auf der kleine Menschen stehen k\u00f6nnen.<\/li>\n<li>Waschmaschinen und Trockner: F\u00fcr 1,60\u202fEuro je Waschgang oder Trocknung kannst du diese Maschinen nutzen. Es stehen sechs Waschmaschinen und entsprechend viele Trockner zur Verf\u00fcgung. Die Bezahlung erfolgt \u00fcber Waschkarten, die du beim Studentenwerk in der Carl von Ossietzky Universit\u00e4t Oldenburg am Standort Haarentor erwerben und aufladen kannst. Das ist bei den <a href=\"https:\/\/www.studentenwerk-oldenburg.de\/de\/wohnen\/service\/ansprechpartnerinnen.html\">B\u00fcros der Wohnraumverwaltung<\/a>.<\/li>\n<li>Partyraum: Der kann zweimal monatlich genutzt werden. Wer zuerst kommt, mahlt zuerst. Entscheidend ist, wem das zust\u00e4ndige Heimratsmitglied zusagt. Weiteres findest du auf der entsprechenden Seite.<\/li>\n<\/ul>\n","protected":false},"excerpt":{"rendered":"<p>Hier im Wohnheim haben wir alles, das man zum Wohnen braucht: Strom als Flatrate, jedoch abgesichert f\u00fcr 10\u202fA je Zimmer. Mehr als zweitausend Watt solltest du also nicht gleichzeitig in deinem Zimmer verbrauchen. In der K\u00fcche geht etwas mehr. Wasser als Flatrate, warmes wie kaltes Heizung als Flatrate, wobei die Zentralheizung anscheinend oft abgestellt wird. &hellip; <\/p>\n<p class=\"link-more\"><a href=\"https:\/\/pf-ol.de\/index.php\/wohnen\/\" class=\"more-link\"><span class=\"screen-reader-text\">\u201eWohnen\u201c<\/span> weiterlesen<\/a><\/p>\n","protected":false},"author":1,"featured_media":189,"parent":0,"menu_order":0,"comment_status":"closed","ping_status":"closed","template":"","meta":{"footnotes":""},"class_list":["post-39","page","type-page","status-publish","has-post-thumbnail","hentry"],"_links":{"self":[{"href":"https:\/\/pf-ol.de\/index.php\/wp-json\/wp\/v2\/pages\/39","targetHints":{"allow":["GET"]}}],"collection":[{"href":"https:\/\/pf-ol.de\/index.php\/wp-json\/wp\/v2\/pages"}],"about":[{"href":"https:\/\/pf-ol.de\/index.php\/wp-json\/wp\/v2\/types\/page"}],"author":[{"embeddable":true,"href":"https:\/\/pf-ol.de\/index.php\/wp-json\/wp\/v2\/users\/1"}],"replies":[{"embeddable":true,"href":"https:\/\/pf-ol.de\/index.php\/wp-json\/wp\/v2\/comments?post=39"}],"version-history":[{"count":0,"href":"https:\/\/pf-ol.de\/index.php\/wp-json\/wp\/v2\/pages\/39\/revisions"}],"wp:featuredmedia":[{"embeddable":true,"href":"https:\/\/pf-ol.de\/index.php\/wp-json\/"}],"wp:attachment":[{"href":"https:\/\/pf-ol.de\/index.php\/wp-json\/wp\/v2\/media?parent=39"}],"curies":[{"name":"wp","href":"https:\/\/api.w.org\/{rel}","templated":true}]}}