{"id":38,"date":"2017-09-20T00:36:23","date_gmt":"2017-09-19T22:36:23","guid":{"rendered":"http:\/\/pf-ol.de\/?page_id=38"},"modified":"2021-12-07T17:00:04","modified_gmt":"2021-12-07T17:00:04","slug":"anfahrt","status":"publish","type":"page","link":"https:\/\/pf-ol.de\/index.php\/wohnen\/anfahrt\/","title":{"rendered":"Anfahrt"},"content":{"rendered":"<p>Das Wohnheim erreichst du gut per Bus, Bahn, Fahrrad, Auto oder zu Fu\u00df. Wie der Name bereits sagt, liegt es direkt am Pferdemarkt. Damit ist es leicht zu finden: Das rote vierst\u00f6ckige Haus mit Flachdach, das ein wenig nach einer Burg aussieht. Direkt daneben liegt die gelbliche Landesbibliothek an der Stra\u00dfenecke.<\/p>\n<p>Per Bus kannst du bis zur Haltestelle &#8222;Pferdemarkt&#8220; fahren. Dort halten die Linien 301, 302, 304, 313, 324, 329, 329E, 340, 440 und 460 der \u00f6ffentlichen Verkehrsmittel. Preise findest du unter vbn.de beim Verkehrsbund Bremen\/Niedersachsen.<\/p>\n<p>Mit dem Zug bist du etwa sechs Gehminuten weiter entfernt. Also steigst du nicht direkt vor der Haust\u00fcr aus, sondern kurz daneben. Aus dem Bahnhof solltest du in Richtung Norden zum ZOB heraustreten.<br \/>\nAb dort f\u00e4hrst du entweder mit dem Bus zum Pferdemarkt (zwei Stationen) oder du gehst zu Fu\u00df links die Karlstra\u00dfe bis zur Ampelkreuzung entlang. Dort biegst du links auf die Donnerschweer Stra\u00dfe, bis du vor dem roten Klinkerbau &#8211; dem Wohnheim &#8211; auf der rechten Stra\u00dfenseite stehst.<\/p>\n<p>Per Fahrrad kannst du den Marktplatz &#8222;Pferdemarkt&#8220; anpeilen. Von dort aus musst du nur einmal \u00fcber die Heiligengeiststra\u00dfe an die Nord\u00f6stliche Stra\u00dfenecke mit der Landesbibliothek. Direkt daneben liegt das Wohnheim.<\/p>\n<p>Mit dem Auto von Au\u00dferhalb &#8211; aus Richtung Wilhelmshaven oder Osnabr\u00fcck &#8211; erreichst du das Wohnheim am besten \u00fcber die A29. Dort nimmst du die Abfahrt Ohmstede auf die Nordtangente (eine Kraftfahrstra\u00dfe zwischen A29 und A293), von der du nach Ohmstede\/Donnerschwee abf\u00e4hrst auf die Donnerschweer Stra\u00dfe. Hier f\u00e4hrst du links, an Wasserturm und Weser-Ems Hallen vorbei. Nach ein etwa drei Kilometern biegst du vor der Pferdemarkt-Stra\u00dfenkreuzung rechts auf den Parkplatz vom Wohnheim.<\/p>\n<p>Aus Richtung Leer kannst du au\u00dferhalb vom Berufsverkehr besser die Abfahrt Haarentor w\u00e4hlen. Von dort f\u00e4hrst du auf der Ofener Stra\u00dfe stadteinw\u00e4rts richtung Jade Hochschule. An dieser f\u00e4hrst du vorbei. Hinter dem Architechturgeb\u00e4ude (das sieht so \u00e4hnlich aus wie das Wohnheim am Pferdemarkt) biegst du an der zweiten Ampel links ab auf die Peterstra\u00dfe. Am Ende folgst du dem Stra\u00dfenverlauf rechts in Richtung Pferdemarkt. Die Pferdemarkt-Stra\u00dfenkreuzung \u00fcberquerst du gerade. Danach biegst du links ab auf den Parkplatz vom Wohnheim.<\/p>\n<p>Der Parkplatz liegt neben und hinter dem Wohnheim. Rechts vom Klinkerbau kommst du durch das gro\u00dfe Tor auf das Gel\u00e4nde, an den M\u00fclltonnen vorbei. Oft sind die meisten Parkpl\u00e4tze belegt, meistens ist jedoch noch mindestens einer frei.<br \/>\nEin- und Ausladen beim Umzug kann man f\u00fcr das doppelte Treppenhaus beim Haupteingang mit Klingel besser von Hinten am Parkplatz. Dort kann man die Doppelt\u00fcr \u00f6ffnen, sodass auch gro\u00dfe M\u00f6bel sicher und kratzerfrei ins Trockene kommen. Innen ist hier eine breite Treppe und der gr\u00f6\u00dfte Freiraum der Flure.<br \/>\nAchtung: Fahr&#8216; bitte nicht auf den Bibliotheksparkplatz mit Schranke. Ohne Wertmarke kommst du nicht wieder vom Platz herunter.<\/p>\n","protected":false},"excerpt":{"rendered":"<p>Das Wohnheim erreichst du gut per Bus, Bahn, Fahrrad, Auto oder zu Fu\u00df. Wie der Name bereits sagt, liegt es direkt am Pferdemarkt. Damit ist es leicht zu finden: Das rote vierst\u00f6ckige Haus mit Flachdach, das ein wenig nach einer Burg aussieht. Direkt daneben liegt die gelbliche Landesbibliothek an der Stra\u00dfenecke. Per Bus kannst du &hellip; <\/p>\n<p class=\"link-more\"><a href=\"https:\/\/pf-ol.de\/index.php\/wohnen\/anfahrt\/\" class=\"more-link\"><span class=\"screen-reader-text\">\u201eAnfahrt\u201c<\/span> weiterlesen<\/a><\/p>\n","protected":false},"author":1,"featured_media":255,"parent":39,"menu_order":0,"comment_status":"closed","ping_status":"closed","template":"","meta":{"footnotes":""},"class_list":["post-38","page","type-page","status-publish","has-post-thumbnail","hentry"],"_links":{"self":[{"href":"https:\/\/pf-ol.de\/index.php\/wp-json\/wp\/v2\/pages\/38","targetHints":{"allow":["GET"]}}],"collection":[{"href":"https:\/\/pf-ol.de\/index.php\/wp-json\/wp\/v2\/pages"}],"about":[{"href":"https:\/\/pf-ol.de\/index.php\/wp-json\/wp\/v2\/types\/page"}],"author":[{"embeddable":true,"href":"https:\/\/pf-ol.de\/index.php\/wp-json\/wp\/v2\/users\/1"}],"replies":[{"embeddable":true,"href":"https:\/\/pf-ol.de\/index.php\/wp-json\/wp\/v2\/comments?post=38"}],"version-history":[{"count":1,"href":"https:\/\/pf-ol.de\/index.php\/wp-json\/wp\/v2\/pages\/38\/revisions"}],"predecessor-version":[{"id":415,"href":"https:\/\/pf-ol.de\/index.php\/wp-json\/wp\/v2\/pages\/38\/revisions\/415"}],"up":[{"embeddable":true,"href":"https:\/\/pf-ol.de\/index.php\/wp-json\/wp\/v2\/pages\/39"}],"wp:featuredmedia":[{"embeddable":true,"href":"https:\/\/pf-ol.de\/index.php\/wp-json\/wp\/v2\/media\/255"}],"wp:attachment":[{"href":"https:\/\/pf-ol.de\/index.php\/wp-json\/wp\/v2\/media?parent=38"}],"curies":[{"name":"wp","href":"https:\/\/api.w.org\/{rel}","templated":true}]}}