{"id":161,"date":"2017-09-20T19:14:02","date_gmt":"2017-09-20T17:14:02","guid":{"rendered":"https:\/\/pf-ol.de\/?page_id=161"},"modified":"2017-09-20T19:14:02","modified_gmt":"2017-09-20T17:14:02","slug":"garten-fenster","status":"publish","type":"page","link":"https:\/\/pf-ol.de\/index.php\/wohnen\/garten-fenster\/","title":{"rendered":"Garten &#038; Fenster"},"content":{"rendered":"<h1>Garten &amp; Beete<\/h1>\n<p>Das Wohnheim selbst hat keinen richtigen Garten.<\/p>\n<p>Uns steht hier eine geschotterte Fl\u00e4che zur Verf\u00fcgung, auf der man gut mit 4 bis 10 Personen grillen kann. An den dortigen B\u00e4umen kann man auch eine eigene H\u00e4ngematte aufh\u00e4ngen.<\/p>\n<p>Ansonsten ist rund um die Geb\u00e4ude Pferdemarkt 16 und 15b jeweils ein Streifen bewachsen mit verschiedenen Beetpflanzen und B\u00e4umen.<\/p>\n<h1>Ausblick von Fenstern<\/h1>\n<p>Je nach Position von deinem Zimmer hast du vom breiten Fensterbrett aus einen sch\u00f6nen Ausblick auf B\u00e4ume und burg\u00e4hnliche Gem\u00e4uer. Den Parkplatz oder die Stra\u00dfe hast du dabei jedoch stets auch im Blick.<\/p>\n<p>Die Beleuchtung vom Parkplatz ist 24\/7 sichergestellt. Sobald es d\u00e4mmert, werden die Stra\u00dfenlaternen angeschaltet. Sie macht in manchen Zimmern die Durchgangsbeleuchtung \u00fcberfl\u00fcssig\u2026<\/p>\n<p>\u2026daf\u00fcr hast du am Tage in vielen Zimmern gro\u00dfe Fenster. Entsprechend ist es in den Zimmern hell.<\/p>\n<h1>Dicke W\u00e4nde<\/h1>\n<p>Der Pferdemarkt 16 wurde als Infanteriekaserne vor fast 150\u202fJahren erbaut. Daher sind die W\u00e4nde so dick, dass man auf den Fensterb\u00e4nken im Zimmer gut sitzen kann.<\/p>\n<p>Wer sich traut, kann auf eigene Gefahr auch die \u00e4u\u00dfere Fensterbank wie einen Balkon nutzen und dort im Sommer Zeit verbringen. Oberhalb vom ersten Stockwerk ist das jedoch definitiv nicht zu empfehlen.<\/p>\n<p>Die W\u00e4nde haben besonders im Sommer den Vorteil, dass sie gut die Temperatur halten. So wird es erst nach mehreren Wochen Sommerhitze wirklich warm im Zimmer. Hier ist es drau\u00dfen meistens eh nicht l\u00e4nger unertr\u00e4glich hei\u00df, denn wir wohnen in Oldenburg\u2026<br \/>\n\u2026hier regnet es schlie\u00dflich bei jedem Wetter\u2026 \ud83d\ude09<\/p>\n<p>&nbsp;<\/p>\n","protected":false},"excerpt":{"rendered":"<p>Garten &amp; Beete Das Wohnheim selbst hat keinen richtigen Garten. Uns steht hier eine geschotterte Fl\u00e4che zur Verf\u00fcgung, auf der man gut mit 4 bis 10 Personen grillen kann. An den dortigen B\u00e4umen kann man auch eine eigene H\u00e4ngematte aufh\u00e4ngen. Ansonsten ist rund um die Geb\u00e4ude Pferdemarkt 16 und 15b jeweils ein Streifen bewachsen mit &hellip; <\/p>\n<p class=\"link-more\"><a href=\"https:\/\/pf-ol.de\/index.php\/wohnen\/garten-fenster\/\" class=\"more-link\"><span class=\"screen-reader-text\">\u201eGarten &#038; Fenster\u201c<\/span> weiterlesen<\/a><\/p>\n","protected":false},"author":1,"featured_media":173,"parent":39,"menu_order":0,"comment_status":"closed","ping_status":"closed","template":"","meta":{"footnotes":""},"class_list":["post-161","page","type-page","status-publish","has-post-thumbnail","hentry"],"_links":{"self":[{"href":"https:\/\/pf-ol.de\/index.php\/wp-json\/wp\/v2\/pages\/161","targetHints":{"allow":["GET"]}}],"collection":[{"href":"https:\/\/pf-ol.de\/index.php\/wp-json\/wp\/v2\/pages"}],"about":[{"href":"https:\/\/pf-ol.de\/index.php\/wp-json\/wp\/v2\/types\/page"}],"author":[{"embeddable":true,"href":"https:\/\/pf-ol.de\/index.php\/wp-json\/wp\/v2\/users\/1"}],"replies":[{"embeddable":true,"href":"https:\/\/pf-ol.de\/index.php\/wp-json\/wp\/v2\/comments?post=161"}],"version-history":[{"count":0,"href":"https:\/\/pf-ol.de\/index.php\/wp-json\/wp\/v2\/pages\/161\/revisions"}],"up":[{"embeddable":true,"href":"https:\/\/pf-ol.de\/index.php\/wp-json\/wp\/v2\/pages\/39"}],"wp:featuredmedia":[{"embeddable":true,"href":"https:\/\/pf-ol.de\/index.php\/wp-json\/"}],"wp:attachment":[{"href":"https:\/\/pf-ol.de\/index.php\/wp-json\/wp\/v2\/media?parent=161"}],"curies":[{"name":"wp","href":"https:\/\/api.w.org\/{rel}","templated":true}]}}