{"id":140,"date":"2017-09-20T16:27:11","date_gmt":"2017-09-20T14:27:11","guid":{"rendered":"http:\/\/pf-ol.de\/?page_id=140"},"modified":"2017-09-20T16:27:11","modified_gmt":"2017-09-20T14:27:11","slug":"impressum","status":"publish","type":"page","link":"https:\/\/pf-ol.de\/index.php\/impressum\/","title":{"rendered":"Impressum"},"content":{"rendered":"<p>Diese gesamte Internetseite wurde privat von Bewohnern des Studentenwohnheimes f\u00fcr unsere Mitbewohner erstellt.\u00a0 Daher ist diese Seite von der Pflicht zur Anbieterkennzeichnung nach \u00a7\u202f5 <a href=\"http:\/\/www.gesetze-im-internet.de\/tmg\/index.html\" target=\"_blank\" rel=\"noopener\">Telemediengesetz (TMG)<\/a> ausgenommen, denn hier liegen keine &#8222;in der Regel gegen Entgelt angebotene Telemedien&#8220; vor.<\/p>\n<p>Dennoch m\u00f6chten wir Angaben in Anlehnung an \u00a7\u202f5 TMG machen.<\/p>\n<h1>Wir sind der Heimrat<\/h1>\n<h2>Anschrift<\/h2>\n<p><a href=\"http:\/\/pf-ol.de\/ueber-uns\/\">Heimrat vom Studentenwohnheim am Pferdemarkt<\/a><br \/>\nPferdemarkt 16<br \/>\nD-26121 Oldenburg<\/p>\n<h2><a href=\"http:\/\/pf-ol.de\/kontakt\/\">Kontakt<\/a><\/h2>\n<p>E-Mail: heimrat.pferdemarkt@web.de<\/p>\n<h2>Verantwortlicher<\/h2>\n<p>Diese Internetpr\u00e4senz dient rein pers\u00f6nlichen Zwecken. Daher ist laut \u00a7\u202f55 Abs.\u202f1 <a href=\"http:\/\/www.ard-werbung.de\/fileadmin\/user_upload\/media-perspektiven\/Dokumentation\/Rundfunkstaatsvertrag_in_Kraft_seit_1-10-2016.pdf\">Rundfunkstaatsvertrag<\/a> (RStV) keine Angabe von Daten eines Verantwortlichen notwendig.<br \/>\nEinen einzelnen Verantwortlichen f\u00fcr den Inhalt haben wir nicht, und wie zuvor beschrieben ben\u00f6tigen wir auch keinen. Daher geben wir hier keine nat\u00fcliche Person an. In Anlehnung an \u00a7\u202f55 Abs.\u202f2 <a href=\"http:\/\/www.ard-werbung.de\/fileadmin\/user_upload\/media-perspektiven\/Dokumentation\/Rundfunkstaatsvertrag_in_Kraft_seit_1-10-2016.pdf\">Rundfunkstaatsvertrag<\/a> (RStV) benennen wir jedoch als verantwortlich:<\/p>\n<p><a href=\"http:\/\/pf-ol.de\/kontakt\/\">Heimrat vom Studentenwohnheim am Pferdemarkt<\/a><br \/>\nPferdemarkt 16<br \/>\nD-26121 Oldenburg<\/p>\n<h1>Haftungsausschluss und externe Verweise<\/h1>\n<p>Wir haben bei der Erstellung und Wartung der Internetpr\u00e4senz h\u00f6chste Sorgfalt walten lassen. Dennoch k\u00f6nnen wir nicht f\u00fcr Richtigkeit, Vollst\u00e4ndigkeit und Aktualit\u00e4t garantieren.<\/p>\n<p>Besonders Inhalte, auf die wir verlinken und verweisen, k\u00f6nnen wir nicht vollumf\u00e4nglich kontrollieren. Wir f\u00fchren Stichproben durch auf den verlinkten Seiten, jedoch ist die st\u00e4ndige Kontrolle nicht zumutbar. Hier sei erw\u00e4hnt, dass wir uns nur in unserer Freizeit im Heimrat und auf dieser Internetseite engagieren. Diese Zeit ist begrenzt.<\/p>\n<p>Sofern Inhalte auf unserer Internetpr\u00e4senz oder auf verlinkten Seiten konkret gegen geltendes Recht versto\u00dfen, w\u00fcrden wir uns \u00fcber eine <a href=\"http:\/\/pf-ol.de\/kontakt\/\">Nachricht<\/a> freuen. Sobald wir von einem konkreten Versto\u00df gegen geltendes Recht erfahren, entfernen wir sofort den Inhalt beziehungsweise den Verweis darauf.<\/p>\n<h1>Urheberrecht<\/h1>\n<p>Die von uns verfassten Inhalte sind urheberrechtlich gesch\u00fctzt. Du darfst sie &#8211; privat sowie gewerblich &#8211; nur nach voriger schriftlicher Genehmigung durch das zust\u00e4ndige Heimratsmitglied verwenden.<\/p>\n<p>Auf dieser Internetpr\u00e4senz stellen wir nur Inhalte dar, zu deren Darstellung wir befugt sind. Daher sind viele Inhalte selbst erstellt. Die \u00fcbrigen Inhalte sind entweder frei lizensiert oder d\u00fcrfen mit Genehmigung durch den Urheberrechtsinhaber von uns genutzt werden.<\/p>\n<p>Sofern du eine Urheberrechtsverletzung findest, schreibe uns bitte eine <a href=\"http:\/\/pf-ol.de\/kontakt\/\">Nachricht<\/a>. Wir werden dann die Verletzung umgehend beseitigen.<\/p>\n<h1>Datenschutz<\/h1>\n<p>Wir erheben generell keine personenbezogenen Daten von den Nutzern dieser Internetpr\u00e4senz.<\/p>\n<p>Als Software setzen wir <a href=\"https:\/\/automattic.com\/privacy\/\" target=\"_blank\" rel=\"noopener\">WordPress<\/a> ein [und ehemals auch ein Kalender-Plugin (All-in-One Event Kalender von Time.ly) ein. Das Plugin nutzt Dienste von <a href=\"https:\/\/www.google.de\/policies\/privacy\/\" target=\"_blank\" rel=\"noopener\">Google<\/a>.]<\/p>\n<p>Gehostet ist die Internetpr\u00e4senz bei <a href=\"http:\/\/strato.de\" target=\"_blank\" rel=\"noopener\">Strato<\/a>, die Domain l\u00e4uft \u00fcber Strato.<\/p>\n<p>Es ist m\u00f6glich, dass die eingesetzte Software Daten erhebt. Wir erheben nicht bewusst Daten, besonders keine personenbezogenen Daten.<\/p>\n<p>Sollten bei unserer Internetpr\u00e4senz Angaben m\u00f6glich sein, so steht dir deren Angabe stets frei. F\u00fcr die Nutzung der Internetpr\u00e4senz sind keinerlei personenbezogene Angaben notwendig. Sofern du Daten angibst, gibst du uns damit deine ausdr\u00fcckliche Zustimmung zu deren Verwendung.<\/p>\n","protected":false},"excerpt":{"rendered":"<p>Diese gesamte Internetseite wurde privat von Bewohnern des Studentenwohnheimes f\u00fcr unsere Mitbewohner erstellt.\u00a0 Daher ist diese Seite von der Pflicht zur Anbieterkennzeichnung nach \u00a7\u202f5 Telemediengesetz (TMG) ausgenommen, denn hier liegen keine &#8222;in der Regel gegen Entgelt angebotene Telemedien&#8220; vor. Dennoch m\u00f6chten wir Angaben in Anlehnung an \u00a7\u202f5 TMG machen. Wir sind der Heimrat Anschrift Heimrat &hellip; <\/p>\n<p class=\"link-more\"><a href=\"https:\/\/pf-ol.de\/index.php\/impressum\/\" class=\"more-link\"><span class=\"screen-reader-text\">\u201eImpressum\u201c<\/span> weiterlesen<\/a><\/p>\n","protected":false},"author":1,"featured_media":0,"parent":0,"menu_order":0,"comment_status":"closed","ping_status":"closed","template":"","meta":{"footnotes":""},"class_list":["post-140","page","type-page","status-publish","hentry"],"_links":{"self":[{"href":"https:\/\/pf-ol.de\/index.php\/wp-json\/wp\/v2\/pages\/140","targetHints":{"allow":["GET"]}}],"collection":[{"href":"https:\/\/pf-ol.de\/index.php\/wp-json\/wp\/v2\/pages"}],"about":[{"href":"https:\/\/pf-ol.de\/index.php\/wp-json\/wp\/v2\/types\/page"}],"author":[{"embeddable":true,"href":"https:\/\/pf-ol.de\/index.php\/wp-json\/wp\/v2\/users\/1"}],"replies":[{"embeddable":true,"href":"https:\/\/pf-ol.de\/index.php\/wp-json\/wp\/v2\/comments?post=140"}],"version-history":[{"count":0,"href":"https:\/\/pf-ol.de\/index.php\/wp-json\/wp\/v2\/pages\/140\/revisions"}],"wp:attachment":[{"href":"https:\/\/pf-ol.de\/index.php\/wp-json\/wp\/v2\/media?parent=140"}],"curies":[{"name":"wp","href":"https:\/\/api.w.org\/{rel}","templated":true}]}}