{"id":119,"date":"2017-09-20T13:01:09","date_gmt":"2017-09-20T11:01:09","guid":{"rendered":"http:\/\/pf-ol.de\/?page_id=119"},"modified":"2017-09-20T13:01:09","modified_gmt":"2017-09-20T11:01:09","slug":"das-wohnzimmer","status":"publish","type":"page","link":"https:\/\/pf-ol.de\/index.php\/wohnen\/das-wohnzimmer\/","title":{"rendered":"Das Wohnzimmer"},"content":{"rendered":"<p>Im Keller haben wir einen gem\u00fctlichen Raum, den wir liebevoll &#8222;Wohnzimmer&#8220; nennen.<\/p>\n<p>Dieser Raum ist ausgestattet mit Sofas, Theke und Beamer. Dar\u00fcber hinaus haben wir f\u00fcr die Verpflegung stets Getr\u00e4nke vorr\u00e4tig wie Limos und Bier. Ein Highlight ist die Popcornmaschine, die wir bei den meisten Veranstaltungen anschmei\u00dfen.<\/p>\n<p>Das ist zwar nicht alles f\u00fcr lau &#8211; aber fast. \ud83d\ude42<br \/>\nDie Getr\u00e4nke m\u00fcssen wir selbst auch zahlen, sodass wir dich um einen Euro je 0,3\u202fl Flasche bitten.<br \/>\nDas Popcorn hingegen bekommst du so. Manchmal haben wir auch Essensreste da, die Mitbewohner von der Arbeit mitbringen. Das k\u00f6nnen zum Beispiel Br\u00f6tchen und Brezeln sein.<\/p>\n","protected":false},"excerpt":{"rendered":"<p>Im Keller haben wir einen gem\u00fctlichen Raum, den wir liebevoll &#8222;Wohnzimmer&#8220; nennen. Dieser Raum ist ausgestattet mit Sofas, Theke und Beamer. Dar\u00fcber hinaus haben wir f\u00fcr die Verpflegung stets Getr\u00e4nke vorr\u00e4tig wie Limos und Bier. Ein Highlight ist die Popcornmaschine, die wir bei den meisten Veranstaltungen anschmei\u00dfen. Das ist zwar nicht alles f\u00fcr lau &#8211; &hellip; <\/p>\n<p class=\"link-more\"><a href=\"https:\/\/pf-ol.de\/index.php\/wohnen\/das-wohnzimmer\/\" class=\"more-link\"><span class=\"screen-reader-text\">\u201eDas Wohnzimmer\u201c<\/span> weiterlesen<\/a><\/p>\n","protected":false},"author":1,"featured_media":0,"parent":39,"menu_order":0,"comment_status":"closed","ping_status":"closed","template":"","meta":{"footnotes":""},"class_list":["post-119","page","type-page","status-publish","hentry"],"_links":{"self":[{"href":"https:\/\/pf-ol.de\/index.php\/wp-json\/wp\/v2\/pages\/119","targetHints":{"allow":["GET"]}}],"collection":[{"href":"https:\/\/pf-ol.de\/index.php\/wp-json\/wp\/v2\/pages"}],"about":[{"href":"https:\/\/pf-ol.de\/index.php\/wp-json\/wp\/v2\/types\/page"}],"author":[{"embeddable":true,"href":"https:\/\/pf-ol.de\/index.php\/wp-json\/wp\/v2\/users\/1"}],"replies":[{"embeddable":true,"href":"https:\/\/pf-ol.de\/index.php\/wp-json\/wp\/v2\/comments?post=119"}],"version-history":[{"count":0,"href":"https:\/\/pf-ol.de\/index.php\/wp-json\/wp\/v2\/pages\/119\/revisions"}],"up":[{"embeddable":true,"href":"https:\/\/pf-ol.de\/index.php\/wp-json\/wp\/v2\/pages\/39"}],"wp:attachment":[{"href":"https:\/\/pf-ol.de\/index.php\/wp-json\/wp\/v2\/media?parent=119"}],"curies":[{"name":"wp","href":"https:\/\/api.w.org\/{rel}","templated":true}]}}