{"id":111,"date":"2017-09-20T05:39:56","date_gmt":"2017-09-20T03:39:56","guid":{"rendered":"http:\/\/pf-ol.de\/?page_id=111"},"modified":"2017-09-20T05:39:56","modified_gmt":"2017-09-20T03:39:56","slug":"feiern","status":"publish","type":"page","link":"https:\/\/pf-ol.de\/index.php\/leben\/feiern\/","title":{"rendered":"Feiern"},"content":{"rendered":"<p>Der Kramermarkt ist mit dem Fahrrad nur f\u00fcnf Minuten entfernt.<\/p>\n<p>Weiterhin haben wir in der Innenstadt mit der Wallstra\u00dfe eine Kneipenstra\u00dfe. Zudem befinden sich in der und um die Innenstadt verteilt weitere Kneipen sowie mehrere Diskotheken. Aufgelistet sind einzelne unter <a href=\"http:\/\/pf-ol.de\/leben\/essen-trinken\/\">Essen &amp; Trinken<\/a>.<\/p>\n<p>J\u00e4hrlich finden zudem die Night of the Profs sowie die Uni Nacht der Clubs statt. Bei der ersten legen Professoren von Hochschule und Universit\u00e4t auf in den verschiedenen Diskotheken, bei der zweiten ist Party f\u00fcr einen guten Zweck angesagt. Beide Veranstaltungen haben gemeinsam, dass man mit einer Eintrittskarte einige der lokalen Diskotheken betreten kann.<br \/>\nSo eignen sich diese Veranstaltungen, um sich g\u00fcnstig einen \u00dcberblick \u00fcber die verschiedenen Lokale in Oldenburg zu verschaffen.<\/p>\n","protected":false},"excerpt":{"rendered":"<p>Der Kramermarkt ist mit dem Fahrrad nur f\u00fcnf Minuten entfernt. Weiterhin haben wir in der Innenstadt mit der Wallstra\u00dfe eine Kneipenstra\u00dfe. Zudem befinden sich in der und um die Innenstadt verteilt weitere Kneipen sowie mehrere Diskotheken. Aufgelistet sind einzelne unter Essen &amp; Trinken. J\u00e4hrlich finden zudem die Night of the Profs sowie die Uni Nacht &hellip; <\/p>\n<p class=\"link-more\"><a href=\"https:\/\/pf-ol.de\/index.php\/leben\/feiern\/\" class=\"more-link\"><span class=\"screen-reader-text\">\u201eFeiern\u201c<\/span> weiterlesen<\/a><\/p>\n","protected":false},"author":1,"featured_media":205,"parent":40,"menu_order":0,"comment_status":"closed","ping_status":"closed","template":"","meta":{"footnotes":""},"class_list":["post-111","page","type-page","status-publish","has-post-thumbnail","hentry"],"_links":{"self":[{"href":"https:\/\/pf-ol.de\/index.php\/wp-json\/wp\/v2\/pages\/111","targetHints":{"allow":["GET"]}}],"collection":[{"href":"https:\/\/pf-ol.de\/index.php\/wp-json\/wp\/v2\/pages"}],"about":[{"href":"https:\/\/pf-ol.de\/index.php\/wp-json\/wp\/v2\/types\/page"}],"author":[{"embeddable":true,"href":"https:\/\/pf-ol.de\/index.php\/wp-json\/wp\/v2\/users\/1"}],"replies":[{"embeddable":true,"href":"https:\/\/pf-ol.de\/index.php\/wp-json\/wp\/v2\/comments?post=111"}],"version-history":[{"count":0,"href":"https:\/\/pf-ol.de\/index.php\/wp-json\/wp\/v2\/pages\/111\/revisions"}],"up":[{"embeddable":true,"href":"https:\/\/pf-ol.de\/index.php\/wp-json\/wp\/v2\/pages\/40"}],"wp:featuredmedia":[{"embeddable":true,"href":"https:\/\/pf-ol.de\/index.php\/wp-json\/"}],"wp:attachment":[{"href":"https:\/\/pf-ol.de\/index.php\/wp-json\/wp\/v2\/media?parent=111"}],"curies":[{"name":"wp","href":"https:\/\/api.w.org\/{rel}","templated":true}]}}