{"id":105,"date":"2017-09-20T05:28:49","date_gmt":"2017-09-20T03:28:49","guid":{"rendered":"http:\/\/pf-ol.de\/?page_id=105"},"modified":"2017-09-20T05:28:49","modified_gmt":"2017-09-20T03:28:49","slug":"links","status":"publish","type":"page","link":"https:\/\/pf-ol.de\/index.php\/links\/","title":{"rendered":"Links"},"content":{"rendered":"<p>Hier sammeln wir Links, die f\u00fcr Mitbewohner interessant sein k\u00f6nnten.<\/p>\n<h1>Studentenwerk Oldenburg<\/h1>\n<ul>\n<li>Ansprechpartner im B\u00fcro<\/li>\n<li>Hausmeisterei f\u00fcr Notf\u00e4lle<\/li>\n<li>Schadensmeldung<\/li>\n<li>kostenpflichtiger Schl\u00fcsseldienst<\/li>\n<li>FAQ zum Wohnen<\/li>\n<li>BAF\u00f6G-Amt<\/li>\n<li>Speiseplan der Mensen (heute \/ morgen)<\/li>\n<\/ul>\n<h1>Lieferservices &amp; Restaurants<\/h1>\n<ul>\n<li>pizza.de<\/li>\n<li>[\u2026]<\/li>\n<\/ul>\n<h1>Hochschule &amp; Universit\u00e4t<\/h1>\n<ul>\n<li>uni-ol.de\/hochschulsport<\/li>\n<li>[\u2026]<\/li>\n<\/ul>\n<h1>Verg\u00fcnstigungen als Student<\/h1>\n<ul>\n<li>campuspoint.de<\/li>\n<li>ok2.de<\/li>\n<li>[\u2026]<\/li>\n<\/ul>\n<h1>Sonstiges<\/h1>\n<ul>\n<li>[\u2026]<\/li>\n<\/ul>\n","protected":false},"excerpt":{"rendered":"<p>Hier sammeln wir Links, die f\u00fcr Mitbewohner interessant sein k\u00f6nnten. Studentenwerk Oldenburg Ansprechpartner im B\u00fcro Hausmeisterei f\u00fcr Notf\u00e4lle Schadensmeldung kostenpflichtiger Schl\u00fcsseldienst FAQ zum Wohnen BAF\u00f6G-Amt Speiseplan der Mensen (heute \/ morgen) Lieferservices &amp; Restaurants pizza.de [\u2026] Hochschule &amp; Universit\u00e4t uni-ol.de\/hochschulsport [\u2026] Verg\u00fcnstigungen als Student campuspoint.de ok2.de [\u2026] Sonstiges [\u2026]<\/p>\n","protected":false},"author":1,"featured_media":0,"parent":0,"menu_order":0,"comment_status":"closed","ping_status":"closed","template":"","meta":{"footnotes":""},"class_list":["post-105","page","type-page","status-publish","hentry"],"_links":{"self":[{"href":"https:\/\/pf-ol.de\/index.php\/wp-json\/wp\/v2\/pages\/105","targetHints":{"allow":["GET"]}}],"collection":[{"href":"https:\/\/pf-ol.de\/index.php\/wp-json\/wp\/v2\/pages"}],"about":[{"href":"https:\/\/pf-ol.de\/index.php\/wp-json\/wp\/v2\/types\/page"}],"author":[{"embeddable":true,"href":"https:\/\/pf-ol.de\/index.php\/wp-json\/wp\/v2\/users\/1"}],"replies":[{"embeddable":true,"href":"https:\/\/pf-ol.de\/index.php\/wp-json\/wp\/v2\/comments?post=105"}],"version-history":[{"count":0,"href":"https:\/\/pf-ol.de\/index.php\/wp-json\/wp\/v2\/pages\/105\/revisions"}],"wp:attachment":[{"href":"https:\/\/pf-ol.de\/index.php\/wp-json\/wp\/v2\/media?parent=105"}],"curies":[{"name":"wp","href":"https:\/\/api.w.org\/{rel}","templated":true}]}}